{"id":18954,"date":"2019-11-10T15:00:48","date_gmt":"2019-11-10T15:00:48","guid":{"rendered":"https:\/\/cofeseg.com\/?post_type=product&#038;p=18954"},"modified":"2023-12-08T12:07:13","modified_gmt":"2023-12-08T12:07:13","slug":"maquina-de-hilo-40hp-30kw-econetic","status":"publish","type":"product","link":"https:\/\/cofeseg.com\/en\/product\/maquina-de-hilo-40hp-30kw-econetic\/","title":{"rendered":"Trimming Diamond Wire Saw Machine 40hp &#8211; 30Kw Econetic"},"content":{"rendered":"","protected":false},"excerpt":{"rendered":"<h3>Square the blocks in the quarry, improving results.<\/h3>\n<p>With Econetic Permanent Magnet Technology, it optimizes energy consumption by up to 30%.<\/p>\n<p>With a rotating head up to +\/- 15\u00ba, it allows you to quickly adjust the cut once the block has been positioned without the need for extra heavy machinery.<\/p>\n<p>Thanks to the wide cutting speed range, from 0 to 30 meters per second, and its 40 hp motor, it can cut medium blocks, square irregular blocks and recover discarded blocks.<\/p>\n<p>Its great versatility allows it to move around the work area without difficulty.<\/p>\n<p>Easy handling, thanks to the simplicity of its operation. It can be controlled by one operator, shared with other tasks in the quarry. Once the steering wheel throw and rotation variables have been set, perform the cutting operation without alterations.<\/p>\n<p>&nbsp;<\/p>\n<p><a href=\"https:\/\/cofeseg.com\/wp-content\/uploads\/2023\/09\/Ficha_40h-30Kw_esp.pdf\" target=\"_blank\" rel=\"noopener\">Data sheet<\/a><\/p>\n","protected":false},"featured_media":22109,"template":"","meta":{"_acf_changed":false,"inline_featured_image":false},"product_brand":[],"product_cat":[543,525,541],"product_tag":[493,505,499,503,497,495,501],"class_list":{"0":"post-18954","1":"product","2":"type-product","3":"status-publish","4":"has-post-thumbnail","6":"product_cat-diamond-wire-saw-machines","7":"product_cat-econetic-en","8":"product_cat-stone-cutting","9":"product_tag-diamond-wire","10":"product_tag-iot-technology","11":"product_tag-mining","12":"product_tag-quarry-machines","13":"product_tag-string-trimmer","14":"product_tag-thread-machine","15":"product_tag-underground-mining","17":"first","18":"outofstock","19":"featured","20":"shipping-taxable","21":"purchasable","22":"product-type-simple"},"acf":[],"yoast_head":"<!-- This site is optimized with the Yoast SEO Premium plugin v18.2.1 (Yoast SEO v27.4) - https:\/\/yoast.com\/product\/yoast-seo-premium-wordpress\/ -->\n<title>Trimming Diamond Wire Saw Machine 40hp - 30Kw Econetic - Cofeseg<\/title>\n<meta name=\"description\" content=\"La m\u00e1quina De Hilo ECONETIC \u2013 IoT Cofeseg By Huada es la nueva generaci\u00f3n de m\u00e1quinas de hilo, ahora tambi\u00e9n con tecnolog\u00eda IoT.\" \/>\n<meta name=\"robots\" content=\"index, follow, max-snippet:-1, max-image-preview:large, max-video-preview:-1\" \/>\n<link rel=\"canonical\" href=\"https:\/\/cofeseg.com\/en\/product\/maquina-de-hilo-40hp-30kw-econetic\/\" \/>\n<meta property=\"og:locale\" content=\"en_US\" \/>\n<meta property=\"og:type\" content=\"article\" \/>\n<meta property=\"og:title\" content=\"Trimming Diamond Wire Saw Machine 40hp - 30Kw Econetic\" \/>\n<meta property=\"og:description\" content=\"La m\u00e1quina De Hilo ECONETIC \u2013 IoT Cofeseg By Huada es la nueva generaci\u00f3n de m\u00e1quinas de hilo, ahora tambi\u00e9n con tecnolog\u00eda IoT.\" \/>\n<meta property=\"og:url\" content=\"https:\/\/cofeseg.com\/en\/product\/maquina-de-hilo-40hp-30kw-econetic\/\" \/>\n<meta property=\"og:site_name\" content=\"Cofeseg\" \/>\n<meta property=\"article:modified_time\" content=\"2023-12-08T12:07:13+00:00\" \/>\n<meta property=\"og:image\" content=\"https:\/\/cofeseg.com\/wp-content\/uploads\/2019\/11\/Foto_Maquina_Corte_40hp_1000x1000.jpg\" \/>\n\t<meta property=\"og:image:width\" content=\"800\" \/>\n\t<meta property=\"og:image:height\" content=\"800\" \/>\n\t<meta property=\"og:image:type\" content=\"image\/jpeg\" \/>\n<meta name=\"twitter:card\" content=\"summary_large_image\" \/>\n<script type=\"application\/ld+json\" class=\"yoast-schema-graph\">{\"@context\":\"https:\\\/\\\/schema.org\",\"@graph\":[{\"@type\":\"WebPage\",\"@id\":\"https:\\\/\\\/cofeseg.com\\\/en\\\/product\\\/maquina-de-hilo-40hp-30kw-econetic\\\/\",\"url\":\"https:\\\/\\\/cofeseg.com\\\/en\\\/product\\\/maquina-de-hilo-40hp-30kw-econetic\\\/\",\"name\":\"Trimming Diamond Wire Saw Machine 40hp - 30Kw Econetic - Cofeseg\",\"isPartOf\":{\"@id\":\"https:\\\/\\\/cofeseg.com\\\/#website\"},\"primaryImageOfPage\":{\"@id\":\"https:\\\/\\\/cofeseg.com\\\/en\\\/product\\\/maquina-de-hilo-40hp-30kw-econetic\\\/#primaryimage\"},\"image\":{\"@id\":\"https:\\\/\\\/cofeseg.com\\\/en\\\/product\\\/maquina-de-hilo-40hp-30kw-econetic\\\/#primaryimage\"},\"thumbnailUrl\":\"https:\\\/\\\/cofeseg.com\\\/wp-content\\\/uploads\\\/2019\\\/11\\\/Foto_Maquina_Corte_40hp_1000x1000.jpg\",\"datePublished\":\"2019-11-10T15:00:48+00:00\",\"dateModified\":\"2023-12-08T12:07:13+00:00\",\"description\":\"La m\u00e1quina De Hilo ECONETIC \u2013 IoT Cofeseg By Huada es la nueva generaci\u00f3n de m\u00e1quinas de hilo, ahora tambi\u00e9n con tecnolog\u00eda IoT.\",\"breadcrumb\":{\"@id\":\"https:\\\/\\\/cofeseg.com\\\/en\\\/product\\\/maquina-de-hilo-40hp-30kw-econetic\\\/#breadcrumb\"},\"inLanguage\":\"en-US\",\"potentialAction\":[{\"@type\":\"ReadAction\",\"target\":[\"https:\\\/\\\/cofeseg.com\\\/en\\\/product\\\/maquina-de-hilo-40hp-30kw-econetic\\\/\"]}]},{\"@type\":\"ImageObject\",\"inLanguage\":\"en-US\",\"@id\":\"https:\\\/\\\/cofeseg.com\\\/en\\\/product\\\/maquina-de-hilo-40hp-30kw-econetic\\\/#primaryimage\",\"url\":\"https:\\\/\\\/cofeseg.com\\\/wp-content\\\/uploads\\\/2019\\\/11\\\/Foto_Maquina_Corte_40hp_1000x1000.jpg\",\"contentUrl\":\"https:\\\/\\\/cofeseg.com\\\/wp-content\\\/uploads\\\/2019\\\/11\\\/Foto_Maquina_Corte_40hp_1000x1000.jpg\",\"width\":1000,\"height\":1000},{\"@type\":\"BreadcrumbList\",\"@id\":\"https:\\\/\\\/cofeseg.com\\\/en\\\/product\\\/maquina-de-hilo-40hp-30kw-econetic\\\/#breadcrumb\",\"itemListElement\":[{\"@type\":\"ListItem\",\"position\":1,\"name\":\"Home\",\"item\":\"https:\\\/\\\/cofeseg.com\\\/\"},{\"@type\":\"ListItem\",\"position\":2,\"name\":\"Products\",\"item\":\"https:\\\/\\\/cofeseg.com\\\/en\\\/products\\\/\"},{\"@type\":\"ListItem\",\"position\":3,\"name\":\"Trimming Diamond Wire Saw Machine 40hp &#8211; 30Kw Econetic\"}]},{\"@type\":\"WebSite\",\"@id\":\"https:\\\/\\\/cofeseg.com\\\/#website\",\"url\":\"https:\\\/\\\/cofeseg.com\\\/\",\"name\":\"Cofeseg\",\"description\":\"Material de perforaci\u00f3n\",\"publisher\":{\"@id\":\"https:\\\/\\\/cofeseg.com\\\/#organization\"},\"potentialAction\":[{\"@type\":\"SearchAction\",\"target\":{\"@type\":\"EntryPoint\",\"urlTemplate\":\"https:\\\/\\\/cofeseg.com\\\/?s={search_term_string}\"},\"query-input\":{\"@type\":\"PropertyValueSpecification\",\"valueRequired\":true,\"valueName\":\"search_term_string\"}}],\"inLanguage\":\"en-US\"},{\"@type\":\"Organization\",\"@id\":\"https:\\\/\\\/cofeseg.com\\\/#organization\",\"name\":\"COFESEG\",\"url\":\"https:\\\/\\\/cofeseg.com\\\/\",\"logo\":{\"@type\":\"ImageObject\",\"inLanguage\":\"en-US\",\"@id\":\"https:\\\/\\\/cofeseg.com\\\/#\\\/schema\\\/logo\\\/image\\\/\",\"url\":\"https:\\\/\\\/cofeseg.com\\\/wp-content\\\/uploads\\\/2019\\\/02\\\/Principal@2x-e1638203960772.png\",\"contentUrl\":\"https:\\\/\\\/cofeseg.com\\\/wp-content\\\/uploads\\\/2019\\\/02\\\/Principal@2x-e1638203960772.png\",\"width\":300,\"height\":112,\"caption\":\"COFESEG\"},\"image\":{\"@id\":\"https:\\\/\\\/cofeseg.com\\\/#\\\/schema\\\/logo\\\/image\\\/\"}}]}<\/script>\n<!-- \/ Yoast SEO Premium plugin. -->","yoast_head_json":{"title":"Trimming Diamond Wire Saw Machine 40hp - 30Kw Econetic - Cofeseg","description":"La m\u00e1quina De Hilo ECONETIC \u2013 IoT Cofeseg By Huada es la nueva generaci\u00f3n de m\u00e1quinas de hilo, ahora tambi\u00e9n con tecnolog\u00eda IoT.","robots":{"index":"index","follow":"follow","max-snippet":"max-snippet:-1","max-image-preview":"max-image-preview:large","max-video-preview":"max-video-preview:-1"},"canonical":"https:\/\/cofeseg.com\/en\/product\/maquina-de-hilo-40hp-30kw-econetic\/","og_locale":"en_US","og_type":"article","og_title":"Trimming Diamond Wire Saw Machine 40hp - 30Kw Econetic","og_description":"La m\u00e1quina De Hilo ECONETIC \u2013 IoT Cofeseg By Huada es la nueva generaci\u00f3n de m\u00e1quinas de hilo, ahora tambi\u00e9n con tecnolog\u00eda IoT.","og_url":"https:\/\/cofeseg.com\/en\/product\/maquina-de-hilo-40hp-30kw-econetic\/","og_site_name":"Cofeseg","article_modified_time":"2023-12-08T12:07:13+00:00","og_image":[{"url":"https:\/\/cofeseg.com\/wp-content\/uploads\/2019\/11\/Foto_Maquina_Corte_40hp_1000x1000.jpg","width":800,"height":800,"type":"image\/jpeg"}],"twitter_card":"summary_large_image","schema":{"@context":"https:\/\/schema.org","@graph":[{"@type":"WebPage","@id":"https:\/\/cofeseg.com\/en\/product\/maquina-de-hilo-40hp-30kw-econetic\/","url":"https:\/\/cofeseg.com\/en\/product\/maquina-de-hilo-40hp-30kw-econetic\/","name":"Trimming Diamond Wire Saw Machine 40hp - 30Kw Econetic - Cofeseg","isPartOf":{"@id":"https:\/\/cofeseg.com\/#website"},"primaryImageOfPage":{"@id":"https:\/\/cofeseg.com\/en\/product\/maquina-de-hilo-40hp-30kw-econetic\/#primaryimage"},"image":{"@id":"https:\/\/cofeseg.com\/en\/product\/maquina-de-hilo-40hp-30kw-econetic\/#primaryimage"},"thumbnailUrl":"https:\/\/cofeseg.com\/wp-content\/uploads\/2019\/11\/Foto_Maquina_Corte_40hp_1000x1000.jpg","datePublished":"2019-11-10T15:00:48+00:00","dateModified":"2023-12-08T12:07:13+00:00","description":"La m\u00e1quina De Hilo ECONETIC \u2013 IoT Cofeseg By Huada es la nueva generaci\u00f3n de m\u00e1quinas de hilo, ahora tambi\u00e9n con tecnolog\u00eda IoT.","breadcrumb":{"@id":"https:\/\/cofeseg.com\/en\/product\/maquina-de-hilo-40hp-30kw-econetic\/#breadcrumb"},"inLanguage":"en-US","potentialAction":[{"@type":"ReadAction","target":["https:\/\/cofeseg.com\/en\/product\/maquina-de-hilo-40hp-30kw-econetic\/"]}]},{"@type":"ImageObject","inLanguage":"en-US","@id":"https:\/\/cofeseg.com\/en\/product\/maquina-de-hilo-40hp-30kw-econetic\/#primaryimage","url":"https:\/\/cofeseg.com\/wp-content\/uploads\/2019\/11\/Foto_Maquina_Corte_40hp_1000x1000.jpg","contentUrl":"https:\/\/cofeseg.com\/wp-content\/uploads\/2019\/11\/Foto_Maquina_Corte_40hp_1000x1000.jpg","width":1000,"height":1000},{"@type":"BreadcrumbList","@id":"https:\/\/cofeseg.com\/en\/product\/maquina-de-hilo-40hp-30kw-econetic\/#breadcrumb","itemListElement":[{"@type":"ListItem","position":1,"name":"Home","item":"https:\/\/cofeseg.com\/"},{"@type":"ListItem","position":2,"name":"Products","item":"https:\/\/cofeseg.com\/en\/products\/"},{"@type":"ListItem","position":3,"name":"Trimming Diamond Wire Saw Machine 40hp &#8211; 30Kw Econetic"}]},{"@type":"WebSite","@id":"https:\/\/cofeseg.com\/#website","url":"https:\/\/cofeseg.com\/","name":"Cofeseg","description":"Material de perforaci\u00f3n","publisher":{"@id":"https:\/\/cofeseg.com\/#organization"},"potentialAction":[{"@type":"SearchAction","target":{"@type":"EntryPoint","urlTemplate":"https:\/\/cofeseg.com\/?s={search_term_string}"},"query-input":{"@type":"PropertyValueSpecification","valueRequired":true,"valueName":"search_term_string"}}],"inLanguage":"en-US"},{"@type":"Organization","@id":"https:\/\/cofeseg.com\/#organization","name":"COFESEG","url":"https:\/\/cofeseg.com\/","logo":{"@type":"ImageObject","inLanguage":"en-US","@id":"https:\/\/cofeseg.com\/#\/schema\/logo\/image\/","url":"https:\/\/cofeseg.com\/wp-content\/uploads\/2019\/02\/Principal@2x-e1638203960772.png","contentUrl":"https:\/\/cofeseg.com\/wp-content\/uploads\/2019\/02\/Principal@2x-e1638203960772.png","width":300,"height":112,"caption":"COFESEG"},"image":{"@id":"https:\/\/cofeseg.com\/#\/schema\/logo\/image\/"}}]}},"_links":{"self":[{"href":"https:\/\/cofeseg.com\/en\/wp-json\/wp\/v2\/product\/18954","targetHints":{"allow":["GET"]}}],"collection":[{"href":"https:\/\/cofeseg.com\/en\/wp-json\/wp\/v2\/product"}],"about":[{"href":"https:\/\/cofeseg.com\/en\/wp-json\/wp\/v2\/types\/product"}],"version-history":[{"count":6,"href":"https:\/\/cofeseg.com\/en\/wp-json\/wp\/v2\/product\/18954\/revisions"}],"predecessor-version":[{"id":23470,"href":"https:\/\/cofeseg.com\/en\/wp-json\/wp\/v2\/product\/18954\/revisions\/23470"}],"wp:featuredmedia":[{"embeddable":true,"href":"https:\/\/cofeseg.com\/en\/wp-json\/wp\/v2\/media\/22109"}],"wp:attachment":[{"href":"https:\/\/cofeseg.com\/en\/wp-json\/wp\/v2\/media?parent=18954"}],"wp:term":[{"taxonomy":"product_brand","embeddable":true,"href":"https:\/\/cofeseg.com\/en\/wp-json\/wp\/v2\/product_brand?post=18954"},{"taxonomy":"product_cat","embeddable":true,"href":"https:\/\/cofeseg.com\/en\/wp-json\/wp\/v2\/product_cat?post=18954"},{"taxonomy":"product_tag","embeddable":true,"href":"https:\/\/cofeseg.com\/en\/wp-json\/wp\/v2\/product_tag?post=18954"}],"curies":[{"name":"wp","href":"https:\/\/api.w.org\/{rel}","templated":true}]}}