{"id":18832,"date":"2021-12-07T16:04:58","date_gmt":"2021-12-07T16:04:58","guid":{"rendered":"https:\/\/cofeseg.com\/?page_id=18832"},"modified":"2021-12-07T16:15:22","modified_gmt":"2021-12-07T16:15:22","slug":"diamond-wire-saw-machines","status":"publish","type":"page","link":"https:\/\/cofeseg.com\/en\/diamond-wire-saw-machines\/","title":{"rendered":"Diamond Wire Saw Machines"},"content":{"rendered":"<p>[vc_row gap=&#8221;40&#8243; equal_height=&#8221;yes&#8221; content_placement=&#8221;middle&#8221; element_id=&#8221;895324&#8243; element_css=&#8221;.vc-row-331899 .animated-container {background-image:url(https:\/\/cofeseg.com\/wp-content\/uploads\/2018\/12\/map_transparent_dark.png);}.vc-row-331899 .top-gradient {background:linear-gradient(to bottom, #0082ca 0%,rgba(255,255,255,0) 100%);}.vc-row-331899 .bottom-gradient {background:linear-gradient(to top, #0082ca 0%,rgba(255,255,255,0) 100%);}&#8221; css=&#8221;.vc_custom_1548927301070{padding-top: 56px !important;padding-bottom: 96px !important;}&#8221; el_id=&#8221;one-page-about-us&#8221;][vc_column animation_delay=&#8221;0&#8243; css_animation=&#8221;bottom-to-top&#8221; element_id=&#8221;843083&#8243; crp=&#8221;480:i:i,480-768:i:i,768-1024:i:i,1024-1280:15:15,1280-1366:i:i,1366-1600:i:i,1600-1920:i:i&#8221; offset=&#8221;vc_col-lg-6 vc_col-md-12 vc_col-xs-12&#8243;][vc_single_image image=&#8221;18309&#8243; img_size=&#8221;large&#8221;][et_gap height=&#8221;56&#8243; element_id=&#8221;890689&#8243; element_css=&#8221;.et-gap-890689 {height:56px;}&#8221; rv=&#8221;1280&#8243;][\/vc_column][vc_column animation_delay=&#8221;150&#8243; css_animation=&#8221;top-to-bottom&#8221; element_id=&#8221;504275&#8243; crp=&#8221;480:i:i,480-768:i:i,768-1024:i:i,1024-1280:15:15,1280-1366:i:i,1366-1600:i:i,1600-1920:i:i&#8221; offset=&#8221;vc_col-lg-6 vc_col-md-12 vc_col-xs-12&#8243;][et_heading type=&#8221;h2&#8243; font_weight=&#8221;600&#8243; letter_spacing=&#8221;0&#8243; line_height=&#8221;80&#8243; mobile_font_size=&#8221;56px&#8221; margin=&#8221;0,0,0,0&#8243; padding=&#8221;0,0,0,0&#8243; element_id=&#8221;813136&#8243; element_font=&#8221;Theme default:600:latin&#8221; element_css=&#8221;#et-heading-813136 .text-wrapper {background-color:transparent;padding:0;}#et-heading-813136 {color:#212121;font-weight:600;letter-spacing:0px;line-height:80px;text-transform:none;}#et-heading-813136 a {color:#212121;}#et-heading-813136 {margin:0px 0px 0px 0px;}#et-heading-813136 .text-wrapper {padding:0px 0px 0px 0px;}&#8221;]WIRE MACHINES &#8211; DEVELOPMENT OF DIAMOND WIRE[\/et_heading][et_gap height=&#8221;8&#8243; element_id=&#8221;763853&#8243; element_css=&#8221;.et-gap-763853 {height:8px;}&#8221;][vc_column_text animation_delay=&#8221;0&#8243;]Our machines have a Manufacturing Guarantee and the Technical Service is our own. We are in permanent contact with our clients to satisfy their quality requirements.<\/p>\n<p>We offer the market the innovations that are constantly produced thanks to the advancement of technology. We develop diamond wires according to the needs of our clients, to adapt their performance, increasing operating profits.<\/p>\n<p>Our supplier is one of the most important international producers of Diamond Wire. We develop customized solutions for each type of stone with a guarantee of quality and results.<\/p>\n<p><strong>Contact us and let&#8217;s start the path of maximum profitability together.<\/strong>[\/vc_column_text][\/vc_column][\/vc_row][vc_row][vc_column][vc_empty_space height=&#8221;80px&#8221;][et_heading text_align=&#8221;center&#8221; type=&#8221;h2&#8243; font_weight=&#8221;600&#8243; margin=&#8221;0,0,0,0&#8243; padding=&#8221;0,0,0,0&#8243; element_id=&#8221;351979&#8243; element_font=&#8221;Theme default:600:latin&#8221; element_css=&#8221;#et-heading-351979 .text-wrapper {background-color:transparent;padding:0;}#et-heading-351979 {color:#212121;font-weight:600;text-transform:none;}#et-heading-351979 a {color:#212121;}#et-heading-351979 {margin:0px 0px 0px 0px;}#et-heading-351979 .text-wrapper {padding:0px 0px 0px 0px;}&#8221;]Other services<br \/>\n[\/et_heading][et_heading text_align=&#8221;center&#8221; type=&#8221;h6&#8243; font_weight=&#8221;400&#8243; margin=&#8221;0,0,0,0&#8243; padding=&#8221;0,0,0,0&#8243; element_id=&#8221;628113&#8243; element_font=&#8221;Theme default:400:latin&#8221; element_css=&#8221;#et-heading-628113 .text-wrapper {background-color:transparent;padding:0;}#et-heading-628113 {color:#212121;font-weight:400;text-transform:none;}#et-heading-628113 a {color:#212121;}#et-heading-628113 {margin:0px 0px 0px 0px;}#et-heading-628113 .text-wrapper {padding:0px 0px 0px 0px;}&#8221;]Tambi\u00e9n ofrecemos otros servicios como el asesoramiento para iniciar la explotaci\u00f3n de una cantera, asesor\u00eda t\u00e9cnica..[\/et_heading][vc_separator color=&#8221;custom&#8221; border_width=&#8221;4&#8243; el_width=&#8221;10&#8243; accent_color=&#8221;#0082ca&#8221; css=&#8221;.vc_custom_1624262335341{padding-top: 10px !important;}&#8221;][vc_empty_space height=&#8221;50px&#8221;][\/vc_column][\/vc_row][vc_row gap=&#8221;40&#8243; element_id=&#8221;544084&#8243; element_css=&#8221;.vc-row-774516 .top-gradient {background:linear-gradient(to bottom, #ffffff 0%,rgba(255,255,255,0) 100%);}.vc-row-774516 .bottom-gradient {background:linear-gradient(to top, #ffffff 0%,rgba(255,255,255,0) 100%);}&#8221; grid_overlay=&#8221;black&#8221; css=&#8221;.vc_custom_1548507313359{padding-top: 0px !important;padding-bottom: 96px !important;background-position: center !important;background-repeat: no-repeat !important;background-size: contain !important;}&#8221;][vc_column animation_delay=&#8221;150&#8243; shadow=&#8221;true&#8221; css_animation=&#8221;right-to-left&#8221; element_id=&#8221;438843&#8243; offset=&#8221;vc_col-lg-4 vc_col-md-12 vc_col-xs-12&#8243; crp=&#8221;480:10:10,480-768:i:i,768-1024:i:i,1024-1280:i:i,1280-1366:i:i,1366-1600:i:i,1600-1920:i:i&#8221; css=&#8221;.vc_custom_1624870741739{margin-bottom: 40px !important;padding-top: 48px !important;padding-right: 48px !important;padding-bottom: 48px !important;padding-left: 48px !important;background-color: #212121 !important;background-position: 0 0 !important;background-repeat: no-repeat !important;}&#8221; el_class=&#8221;background-position-right-bottom&#8221;][et_heading type=&#8221;h3&#8243; link=&#8221;\/en\/services\/&#8221; text_color=&#8221;#ffffff&#8221; font_weight=&#8221;800&#8243; mobile_font_size=&#8221;40px&#8221; mobile_line_height=&#8221;40px&#8221; margin=&#8221;0,0,0,0&#8243; padding=&#8221;0,0,0,0&#8243; element_id=&#8221;130387&#8243; element_font=&#8221;Theme default:800:latin&#8221; element_css=&#8221;#et-heading-130387 .text-wrapper {background-color:transparent;padding:0;}#et-heading-130387 {color:#ffffff;font-weight:800;text-transform:none;}#et-heading-130387 a {color:#ffffff;}#et-heading-130387 {margin:0px 0px 0px 0px;}#et-heading-130387 .text-wrapper {padding:0px 0px 0px 0px;}&#8221;]After-sales Service<br \/>\n[\/et_heading][et_gap height=&#8221;112&#8243; element_id=&#8221;270331&#8243; element_css=&#8221;.et-gap-270331 {height:112px;}&#8221;][et_button button_text=&#8221;More Informati\u00f3n&#8221; button_link=&#8221;\/en\/services\/&#8221; button_size=&#8221;large&#8221; font_weight=&#8221;700&#8243; button_font_size=&#8221;16&#8243; button_color=&#8221;#ffffff&#8221; button_border_color=&#8221;#ffffff&#8221; icon_prefix=&#8221;ien&#8221; icon_name=&#8221;ien-earrow-3&#8243; icon_font_size=&#8221;10&#8243; icon_margin=&#8221;4&#8243; icon_position=&#8221;right&#8221; button_color_hover=&#8221;#000000&#8243; button_back_color_hover=&#8221;#0082ca&#8221; button_border_color_hover=&#8221;#0082ca&#8221; animate_hover=&#8221;fill&#8221; animation_delay=&#8221;0&#8243; element_id=&#8221;754271&#8243; element_font=&#8221;Theme default:700:latin&#8221; element_css=&#8221;#et-button-754271 {font-size:16px !important;font-weight:700;text-transform:none;color:#ffffff;border-radius:0px;}#et-button-754271 .icon {font-size:10px !important;}#et-button-754271 .icon {margin-left:4px !important;}#et-button-754271:hover {color:#000000;}#et-button-754271 .regular {box-shadow:inset 0 0 0 1px #ffffff;}#et-button-754271 .hover {background-color:#0082ca;box-shadow:inset 0 0 0 1px #0082ca;}#et-button-754271 .et-ink {color:#ffffff;}#et-button-754271 .et-ink {background-color:#000000;}&#8221; button_border_width=&#8221;1&#8243;][\/vc_column][vc_column animation_delay=&#8221;0&#8243; shadow=&#8221;true&#8221; css_animation=&#8221;left-to-right&#8221; element_id=&#8221;834091&#8243; offset=&#8221;vc_col-lg-4 vc_col-md-12 vc_col-xs-12&#8243; crp=&#8221;480:10:10,480-768:i:i,768-1024:i:i,1024-1280:i:i,1280-1366:i:i,1366-1600:i:i,1600-1920:i:i&#8221; css=&#8221;.vc_custom_1624870803718{margin-bottom: 40px !important;padding-top: 48px !important;padding-right: 48px !important;padding-bottom: 48px !important;padding-left: 48px !important;background-color: #ffffff !important;background-position: 0 0 !important;background-repeat: no-repeat !important;}&#8221; el_class=&#8221;background-position-right-bottom&#8221;][et_heading type=&#8221;h3&#8243; link=&#8221;\/en\/drilling-machines\/ &#8221; font_weight=&#8221;800&#8243; mobile_font_size=&#8221;40px&#8221; mobile_line_height=&#8221;40px&#8221; margin=&#8221;0,0,0,0&#8243; padding=&#8221;0,0,0,0&#8243; element_id=&#8221;799747&#8243; element_font=&#8221;Theme default:800:latin&#8221; element_css=&#8221;#et-heading-799747 .text-wrapper {background-color:transparent;padding:0;}#et-heading-799747 {color:#212121;font-weight:800;text-transform:none;}#et-heading-799747 a {color:#212121;}#et-heading-799747 {margin:0px 0px 0px 0px;}#et-heading-799747 .text-wrapper {padding:0px 0px 0px 0px;}&#8221;]Drilling Machines[\/et_heading][et_gap height=&#8221;112&#8243; element_id=&#8221;270331&#8243; element_css=&#8221;.et-gap-270331 {height:112px;}&#8221;][et_button button_text=&#8221;More information&#8221; button_link=&#8221;\/en\/drilling-machines\/&#8221; button_size=&#8221;large&#8221; font_weight=&#8221;700&#8243; button_font_size=&#8221;16&#8243; button_color=&#8221;#212121&#8243; button_border_color=&#8221;#212121&#8243; icon_prefix=&#8221;ien&#8221; icon_name=&#8221;ien-earrow-3&#8243; icon_font_size=&#8221;10&#8243; icon_margin=&#8221;4&#8243; icon_position=&#8221;right&#8221; button_color_hover=&#8221;#000000&#8243; button_back_color_hover=&#8221;#0082ca&#8221; button_border_color_hover=&#8221;#0082ca&#8221; animate_hover=&#8221;fill&#8221; animation_delay=&#8221;0&#8243; element_id=&#8221;666672&#8243; element_font=&#8221;Theme default:700:latin&#8221; element_css=&#8221;#et-button-666672 {font-size:16px !important;font-weight:700;text-transform:none;color:#212121;border-radius:0px;}#et-button-666672 .icon {font-size:10px !important;}#et-button-666672 .icon {margin-left:4px !important;}#et-button-666672:hover {color:#000000;}#et-button-666672 .regular {box-shadow:inset 0 0 0 1px #212121;}#et-button-666672 .hover {background-color:#0082ca;box-shadow:inset 0 0 0 1px #0082ca;}#et-button-666672 .et-ink {color:#212121;}#et-button-666672 .et-ink {background-color:#000000;}&#8221; button_border_width=&#8221;1&#8243;][\/vc_column][vc_column animation_delay=&#8221;50&#8243; shadow=&#8221;true&#8221; css_animation=&#8221;right-to-left&#8221; element_id=&#8221;390295&#8243; offset=&#8221;vc_col-lg-4 vc_col-md-12 vc_col-xs-12&#8243; crp=&#8221;480:10:10,480-768:i:i,768-1024:i:i,1024-1280:i:i,1280-1366:i:i,1366-1600:i:i,1600-1920:i:i&#8221; css=&#8221;.vc_custom_1624870790003{padding-top: 48px !important;padding-right: 48px !important;padding-bottom: 48px !important;padding-left: 48px !important;background-color: #0082ca !important;background-position: 0 0 !important;background-repeat: no-repeat !important;}&#8221; el_class=&#8221;background-position-right-bottom&#8221;][et_heading type=&#8221;h3&#8243; link=&#8221;\/en\/quarry-production-start\/&#8221; text_color=&#8221;#ffffff&#8221; font_weight=&#8221;800&#8243; mobile_font_size=&#8221;40px&#8221; mobile_line_height=&#8221;40px&#8221; margin=&#8221;0,0,0,0&#8243; padding=&#8221;0,0,0,0&#8243; element_id=&#8221;942976&#8243; element_font=&#8221;Theme default:800:latin&#8221; element_css=&#8221;#et-heading-942976 .text-wrapper {background-color:transparent;padding:0;}#et-heading-942976 {color:#ffffff;font-weight:800;text-transform:none;}#et-heading-942976 a {color:#ffffff;}#et-heading-942976 {margin:0px 0px 0px 0px;}#et-heading-942976 .text-wrapper {padding:0px 0px 0px 0px;}&#8221;]Quarry production start[\/et_heading][et_gap height=&#8221;112&#8243; element_id=&#8221;270331&#8243; element_css=&#8221;.et-gap-270331 {height:112px;}&#8221;][et_button button_text=&#8221;More Information&#8221; button_link=&#8221;\/en\/quarry-production-start\/ &#8221; button_size=&#8221;large&#8221; font_weight=&#8221;700&#8243; button_font_size=&#8221;16&#8243; button_color=&#8221;#000000&#8243; button_border_color=&#8221;#000000&#8243; icon_prefix=&#8221;ien&#8221; icon_name=&#8221;ien-earrow-3&#8243; icon_font_size=&#8221;10&#8243; icon_margin=&#8221;4&#8243; icon_position=&#8221;right&#8221; button_color_hover=&#8221;#000000&#8243; button_back_color_hover=&#8221;#ffffff&#8221; button_border_color_hover=&#8221;#ffffff&#8221; animate_hover=&#8221;fill&#8221; animation_delay=&#8221;0&#8243; element_id=&#8221;171593&#8243; element_font=&#8221;Theme default:700:latin&#8221; element_css=&#8221;#et-button-171593 {font-size:16px !important;font-weight:700;text-transform:none;color:#000000;border-radius:0px;}#et-button-171593 .icon {font-size:10px !important;}#et-button-171593 .icon {margin-left:4px !important;}#et-button-171593:hover {color:#000000;}#et-button-171593 .regular {box-shadow:inset 0 0 0 1px #000000;}#et-button-171593 .hover {background-color:#ffffff;box-shadow:inset 0 0 0 1px #ffffff;}#et-button-171593 .et-ink {color:#000000;}#et-button-171593 .et-ink {background-color:#000000;}&#8221; button_border_width=&#8221;1&#8243;][\/vc_column][\/vc_row]<\/p>\n","protected":false},"excerpt":{"rendered":"<p>[vc_row gap=&#8221;40&#8243; equal_height=&#8221;yes&#8221; content_placement=&#8221;middle&#8221; element_id=&#8221;895324&#8243; element_css=&#8221;.vc-row-331899 .animated-container {background-image:url(https:\/\/cofeseg.com\/wp-content\/uploads\/2018\/12\/map_transparent_dark.png);}.vc-row-331899 .top-gradient {background:linear-gradient(to bottom, #0082ca 0%,rgba(255,255,255,0) 100%);}.vc-row-331899 .bottom-gradient {background:linear-gradient(to top, #0082ca 0%,rgba(255,255,255,0) 100%);}&#8221; css=&#8221;.vc_custom_1548927301070{padding-top: 56px !important;padding-bottom: 96px !important;}&#8221; el_id=&#8221;one-page-about-us&#8221;][vc_column animation_delay=&#8221;0&#8243; css_animation=&#8221;bottom-to-top&#8221; element_id=&#8221;843083&#8243; crp=&#8221;480:i:i,480-768:i:i,768-1024:i:i,1024-1280:15:15,1280-1366:i:i,1366-1600:i:i,1600-1920:i:i&#8221; offset=&#8221;vc_col-lg-6 vc_col-md-12 vc_col-xs-12&#8243;][vc_single_image image=&#8221;18309&#8243; img_size=&#8221;large&#8221;][et_gap height=&#8221;56&#8243; element_id=&#8221;890689&#8243; element_css=&#8221;.et-gap-890689 {height:56px;}&#8221; rv=&#8221;1280&#8243;][\/vc_column][vc_column animation_delay=&#8221;150&#8243; css_animation=&#8221;top-to-bottom&#8221; element_id=&#8221;504275&#8243; crp=&#8221;480:i:i,480-768:i:i,768-1024:i:i,1024-1280:15:15,1280-1366:i:i,1366-1600:i:i,1600-1920:i:i&#8221; offset=&#8221;vc_col-lg-6 vc_col-md-12 vc_col-xs-12&#8243;][et_heading type=&#8221;h2&#8243; font_weight=&#8221;600&#8243; letter_spacing=&#8221;0&#8243; line_height=&#8221;80&#8243; mobile_font_size=&#8221;56px&#8221; margin=&#8221;0,0,0,0&#8243; padding=&#8221;0,0,0,0&#8243; element_id=&#8221;813136&#8243; [&hellip;]<\/p>\n","protected":false},"author":1,"featured_media":0,"parent":0,"menu_order":0,"comment_status":"closed","ping_status":"closed","template":"page-vc.php","meta":{"_acf_changed":false,"inline_featured_image":false,"footnotes":""},"class_list":["post-18832","page","type-page","status-publish","hentry"],"acf":[],"yoast_head":"<!-- This site is optimized with the Yoast SEO Premium plugin v18.2.1 (Yoast SEO v27.4) - https:\/\/yoast.com\/product\/yoast-seo-premium-wordpress\/ -->\n<title>Diamond Wire Saw Machines - Cofeseg<\/title>\n<meta name=\"robots\" content=\"index, follow, max-snippet:-1, max-image-preview:large, max-video-preview:-1\" \/>\n<link rel=\"canonical\" href=\"https:\/\/cofeseg.com\/en\/diamond-wire-saw-machines\/\" \/>\n<meta property=\"og:locale\" content=\"en_US\" \/>\n<meta property=\"og:type\" content=\"article\" \/>\n<meta property=\"og:title\" content=\"Diamond Wire Saw Machines\" \/>\n<meta property=\"og:description\" content=\"[vc_row gap=&#8221;40&#8243; equal_height=&#8221;yes&#8221; content_placement=&#8221;middle&#8221; element_id=&#8221;895324&#8243; element_css=&#8221;.vc-row-331899 .animated-container {background-image:url(https:\/\/cofeseg.com\/wp-content\/uploads\/2018\/12\/map_transparent_dark.png);}.vc-row-331899 .top-gradient {background:linear-gradient(to bottom, #0082ca 0%,rgba(255,255,255,0) 100%);}.vc-row-331899 .bottom-gradient {background:linear-gradient(to top, #0082ca 0%,rgba(255,255,255,0) 100%);}&#8221; css=&#8221;.vc_custom_1548927301070{padding-top: 56px !important;padding-bottom: 96px !important;}&#8221; el_id=&#8221;one-page-about-us&#8221;][vc_column animation_delay=&#8221;0&#8243; css_animation=&#8221;bottom-to-top&#8221; element_id=&#8221;843083&#8243; crp=&#8221;480:i:i,480-768:i:i,768-1024:i:i,1024-1280:15:15,1280-1366:i:i,1366-1600:i:i,1600-1920:i:i&#8221; offset=&#8221;vc_col-lg-6 vc_col-md-12 vc_col-xs-12&#8243;][vc_single_image image=&#8221;18309&#8243; img_size=&#8221;large&#8221;][et_gap height=&#8221;56&#8243; element_id=&#8221;890689&#8243; element_css=&#8221;.et-gap-890689 {height:56px;}&#8221; rv=&#8221;1280&#8243;][\/vc_column][vc_column animation_delay=&#8221;150&#8243; css_animation=&#8221;top-to-bottom&#8221; element_id=&#8221;504275&#8243; crp=&#8221;480:i:i,480-768:i:i,768-1024:i:i,1024-1280:15:15,1280-1366:i:i,1366-1600:i:i,1600-1920:i:i&#8221; offset=&#8221;vc_col-lg-6 vc_col-md-12 vc_col-xs-12&#8243;][et_heading type=&#8221;h2&#8243; font_weight=&#8221;600&#8243; letter_spacing=&#8221;0&#8243; line_height=&#8221;80&#8243; mobile_font_size=&#8221;56px&#8221; margin=&#8221;0,0,0,0&#8243; padding=&#8221;0,0,0,0&#8243; element_id=&#8221;813136&#8243; [&hellip;]\" \/>\n<meta property=\"og:url\" content=\"https:\/\/cofeseg.com\/en\/diamond-wire-saw-machines\/\" \/>\n<meta property=\"og:site_name\" content=\"Cofeseg\" \/>\n<meta property=\"article:modified_time\" content=\"2021-12-07T16:15:22+00:00\" \/>\n<meta name=\"twitter:card\" content=\"summary_large_image\" \/>\n<meta name=\"twitter:label1\" content=\"Est. reading time\" \/>\n\t<meta name=\"twitter:data1\" content=\"6 minutes\" \/>\n<script type=\"application\/ld+json\" class=\"yoast-schema-graph\">{\"@context\":\"https:\\\/\\\/schema.org\",\"@graph\":[{\"@type\":\"WebPage\",\"@id\":\"https:\\\/\\\/cofeseg.com\\\/en\\\/diamond-wire-saw-machines\\\/\",\"url\":\"https:\\\/\\\/cofeseg.com\\\/en\\\/diamond-wire-saw-machines\\\/\",\"name\":\"Diamond Wire Saw Machines - Cofeseg\",\"isPartOf\":{\"@id\":\"https:\\\/\\\/cofeseg.com\\\/#website\"},\"datePublished\":\"2021-12-07T16:04:58+00:00\",\"dateModified\":\"2021-12-07T16:15:22+00:00\",\"breadcrumb\":{\"@id\":\"https:\\\/\\\/cofeseg.com\\\/en\\\/diamond-wire-saw-machines\\\/#breadcrumb\"},\"inLanguage\":\"en-US\",\"potentialAction\":[{\"@type\":\"ReadAction\",\"target\":[\"https:\\\/\\\/cofeseg.com\\\/en\\\/diamond-wire-saw-machines\\\/\"]}]},{\"@type\":\"BreadcrumbList\",\"@id\":\"https:\\\/\\\/cofeseg.com\\\/en\\\/diamond-wire-saw-machines\\\/#breadcrumb\",\"itemListElement\":[{\"@type\":\"ListItem\",\"position\":1,\"name\":\"Home\",\"item\":\"https:\\\/\\\/cofeseg.com\\\/\"},{\"@type\":\"ListItem\",\"position\":2,\"name\":\"Diamond Wire Saw Machines\"}]},{\"@type\":\"WebSite\",\"@id\":\"https:\\\/\\\/cofeseg.com\\\/#website\",\"url\":\"https:\\\/\\\/cofeseg.com\\\/\",\"name\":\"Cofeseg\",\"description\":\"Material de perforaci\u00f3n\",\"publisher\":{\"@id\":\"https:\\\/\\\/cofeseg.com\\\/#organization\"},\"potentialAction\":[{\"@type\":\"SearchAction\",\"target\":{\"@type\":\"EntryPoint\",\"urlTemplate\":\"https:\\\/\\\/cofeseg.com\\\/?s={search_term_string}\"},\"query-input\":{\"@type\":\"PropertyValueSpecification\",\"valueRequired\":true,\"valueName\":\"search_term_string\"}}],\"inLanguage\":\"en-US\"},{\"@type\":\"Organization\",\"@id\":\"https:\\\/\\\/cofeseg.com\\\/#organization\",\"name\":\"COFESEG\",\"url\":\"https:\\\/\\\/cofeseg.com\\\/\",\"logo\":{\"@type\":\"ImageObject\",\"inLanguage\":\"en-US\",\"@id\":\"https:\\\/\\\/cofeseg.com\\\/#\\\/schema\\\/logo\\\/image\\\/\",\"url\":\"https:\\\/\\\/cofeseg.com\\\/wp-content\\\/uploads\\\/2019\\\/02\\\/Principal@2x-e1638203960772.png\",\"contentUrl\":\"https:\\\/\\\/cofeseg.com\\\/wp-content\\\/uploads\\\/2019\\\/02\\\/Principal@2x-e1638203960772.png\",\"width\":300,\"height\":112,\"caption\":\"COFESEG\"},\"image\":{\"@id\":\"https:\\\/\\\/cofeseg.com\\\/#\\\/schema\\\/logo\\\/image\\\/\"}}]}<\/script>\n<!-- \/ Yoast SEO Premium plugin. -->","yoast_head_json":{"title":"Diamond Wire Saw Machines - Cofeseg","robots":{"index":"index","follow":"follow","max-snippet":"max-snippet:-1","max-image-preview":"max-image-preview:large","max-video-preview":"max-video-preview:-1"},"canonical":"https:\/\/cofeseg.com\/en\/diamond-wire-saw-machines\/","og_locale":"en_US","og_type":"article","og_title":"Diamond Wire Saw Machines","og_description":"[vc_row gap=&#8221;40&#8243; equal_height=&#8221;yes&#8221; content_placement=&#8221;middle&#8221; element_id=&#8221;895324&#8243; element_css=&#8221;.vc-row-331899 .animated-container {background-image:url(https:\/\/cofeseg.com\/wp-content\/uploads\/2018\/12\/map_transparent_dark.png);}.vc-row-331899 .top-gradient {background:linear-gradient(to bottom, #0082ca 0%,rgba(255,255,255,0) 100%);}.vc-row-331899 .bottom-gradient {background:linear-gradient(to top, #0082ca 0%,rgba(255,255,255,0) 100%);}&#8221; css=&#8221;.vc_custom_1548927301070{padding-top: 56px !important;padding-bottom: 96px !important;}&#8221; el_id=&#8221;one-page-about-us&#8221;][vc_column animation_delay=&#8221;0&#8243; css_animation=&#8221;bottom-to-top&#8221; element_id=&#8221;843083&#8243; crp=&#8221;480:i:i,480-768:i:i,768-1024:i:i,1024-1280:15:15,1280-1366:i:i,1366-1600:i:i,1600-1920:i:i&#8221; offset=&#8221;vc_col-lg-6 vc_col-md-12 vc_col-xs-12&#8243;][vc_single_image image=&#8221;18309&#8243; img_size=&#8221;large&#8221;][et_gap height=&#8221;56&#8243; element_id=&#8221;890689&#8243; element_css=&#8221;.et-gap-890689 {height:56px;}&#8221; rv=&#8221;1280&#8243;][\/vc_column][vc_column animation_delay=&#8221;150&#8243; css_animation=&#8221;top-to-bottom&#8221; element_id=&#8221;504275&#8243; crp=&#8221;480:i:i,480-768:i:i,768-1024:i:i,1024-1280:15:15,1280-1366:i:i,1366-1600:i:i,1600-1920:i:i&#8221; offset=&#8221;vc_col-lg-6 vc_col-md-12 vc_col-xs-12&#8243;][et_heading type=&#8221;h2&#8243; font_weight=&#8221;600&#8243; letter_spacing=&#8221;0&#8243; line_height=&#8221;80&#8243; mobile_font_size=&#8221;56px&#8221; margin=&#8221;0,0,0,0&#8243; padding=&#8221;0,0,0,0&#8243; element_id=&#8221;813136&#8243; [&hellip;]","og_url":"https:\/\/cofeseg.com\/en\/diamond-wire-saw-machines\/","og_site_name":"Cofeseg","article_modified_time":"2021-12-07T16:15:22+00:00","twitter_card":"summary_large_image","twitter_misc":{"Est. reading time":"6 minutes"},"schema":{"@context":"https:\/\/schema.org","@graph":[{"@type":"WebPage","@id":"https:\/\/cofeseg.com\/en\/diamond-wire-saw-machines\/","url":"https:\/\/cofeseg.com\/en\/diamond-wire-saw-machines\/","name":"Diamond Wire Saw Machines - Cofeseg","isPartOf":{"@id":"https:\/\/cofeseg.com\/#website"},"datePublished":"2021-12-07T16:04:58+00:00","dateModified":"2021-12-07T16:15:22+00:00","breadcrumb":{"@id":"https:\/\/cofeseg.com\/en\/diamond-wire-saw-machines\/#breadcrumb"},"inLanguage":"en-US","potentialAction":[{"@type":"ReadAction","target":["https:\/\/cofeseg.com\/en\/diamond-wire-saw-machines\/"]}]},{"@type":"BreadcrumbList","@id":"https:\/\/cofeseg.com\/en\/diamond-wire-saw-machines\/#breadcrumb","itemListElement":[{"@type":"ListItem","position":1,"name":"Home","item":"https:\/\/cofeseg.com\/"},{"@type":"ListItem","position":2,"name":"Diamond Wire Saw Machines"}]},{"@type":"WebSite","@id":"https:\/\/cofeseg.com\/#website","url":"https:\/\/cofeseg.com\/","name":"Cofeseg","description":"Material de perforaci\u00f3n","publisher":{"@id":"https:\/\/cofeseg.com\/#organization"},"potentialAction":[{"@type":"SearchAction","target":{"@type":"EntryPoint","urlTemplate":"https:\/\/cofeseg.com\/?s={search_term_string}"},"query-input":{"@type":"PropertyValueSpecification","valueRequired":true,"valueName":"search_term_string"}}],"inLanguage":"en-US"},{"@type":"Organization","@id":"https:\/\/cofeseg.com\/#organization","name":"COFESEG","url":"https:\/\/cofeseg.com\/","logo":{"@type":"ImageObject","inLanguage":"en-US","@id":"https:\/\/cofeseg.com\/#\/schema\/logo\/image\/","url":"https:\/\/cofeseg.com\/wp-content\/uploads\/2019\/02\/Principal@2x-e1638203960772.png","contentUrl":"https:\/\/cofeseg.com\/wp-content\/uploads\/2019\/02\/Principal@2x-e1638203960772.png","width":300,"height":112,"caption":"COFESEG"},"image":{"@id":"https:\/\/cofeseg.com\/#\/schema\/logo\/image\/"}}]}},"_links":{"self":[{"href":"https:\/\/cofeseg.com\/en\/wp-json\/wp\/v2\/pages\/18832","targetHints":{"allow":["GET"]}}],"collection":[{"href":"https:\/\/cofeseg.com\/en\/wp-json\/wp\/v2\/pages"}],"about":[{"href":"https:\/\/cofeseg.com\/en\/wp-json\/wp\/v2\/types\/page"}],"author":[{"embeddable":true,"href":"https:\/\/cofeseg.com\/en\/wp-json\/wp\/v2\/users\/1"}],"replies":[{"embeddable":true,"href":"https:\/\/cofeseg.com\/en\/wp-json\/wp\/v2\/comments?post=18832"}],"version-history":[{"count":4,"href":"https:\/\/cofeseg.com\/en\/wp-json\/wp\/v2\/pages\/18832\/revisions"}],"predecessor-version":[{"id":18836,"href":"https:\/\/cofeseg.com\/en\/wp-json\/wp\/v2\/pages\/18832\/revisions\/18836"}],"wp:attachment":[{"href":"https:\/\/cofeseg.com\/en\/wp-json\/wp\/v2\/media?parent=18832"}],"curies":[{"name":"wp","href":"https:\/\/api.w.org\/{rel}","templated":true}]}}